{"id":1348,"date":"2023-01-18T17:28:24","date_gmt":"2023-01-18T16:28:24","guid":{"rendered":"http:\/\/association-fopa.fr\/?page_id=1348"},"modified":"2026-03-08T23:25:20","modified_gmt":"2026-03-08T22:25:20","slug":"petition","status":"publish","type":"page","link":"https:\/\/association-fopa.fr\/index.php\/petition\/","title":{"rendered":"Adh\u00e9sion"},"content":{"rendered":"\n<p class=\"has-text-align-center has-text-color has-large-font-size\" style=\"color:#b8040a\"><strong>Adh\u00e9rez<\/strong><\/p>\n\n\n\n<p>&#8211;<\/p>\n\n\n<div class=\"wp-block-image\">\n<figure class=\"aligncenter size-full\"><a href=\"https:\/\/www.helloasso.com\/associations\/fermement-opposee-au-passage-autoroutier-fopa-dans-l-agglomeration-albigeoise\/adhesions\/membre-adherent\"><img decoding=\"async\" loading=\"lazy\" width=\"328\" height=\"662\" src=\"https:\/\/association-fopa.fr\/wp-content\/uploads\/2026\/03\/image.png\" alt=\"\" class=\"wp-image-1657\" srcset=\"https:\/\/association-fopa.fr\/wp-content\/uploads\/2026\/03\/image.png 328w, https:\/\/association-fopa.fr\/wp-content\/uploads\/2026\/03\/image-149x300.png 149w\" sizes=\"(max-width: 328px) 100vw, 328px\" \/><\/a><\/figure><\/div>\n\n\n<h3>.<\/h3>\n\n\n\n<p class=\"has-text-align-center\" style=\"font-size:29px\"> Pour <strong>Adh\u00e9rer<\/strong>: <\/p>\n\n\n\n<p class=\"has-text-align-center has-text-color has-normal-font-size\" style=\"color:#b8040a\"><strong>Pensez \u00e0 partager ce lien d&rsquo;adh\u00e9sion avec vos proches et amis, <\/strong><\/p>\n\n\n\n<p class=\"has-text-align-center has-text-color\" style=\"color:#b8040a;font-size:14px\"><strong>qu&rsquo;ils soient habitants de l\u2019agglom\u00e9ration ou usagers, m\u00eame lointains, de la RN88<\/strong><\/p>\n\n\n\n<p>.<\/p>\n\n\n\n<p class=\"has-text-align-center\"><strong>Cliquez sur le lien<\/strong> :  <strong><a href=\"https:\/\/www.helloasso.com\/associations\/fermement-opposee-au-passage-autoroutier-fopa-dans-l-agglomeration-albigeoise\/adhesions\/membre-adherent\">Adh\u00e9sion-FOPA<\/a><\/strong><\/p>\n\n\n\n<p class=\"has-text-align-center\">T\u00e9l\u00e9charger la <strong>version papier<\/strong> du <strong><a href=\"https:\/\/association-fopa.fr\/wp-content\/uploads\/2026\/03\/Adhesion-FOPA-2026.pdf\">bulletin d&rsquo;adh\u00e9sion<\/a><\/strong><\/p>\n\n\n\n<p><\/p>\n\n\n\n<p>&#8211;<\/p>\n\n\n\n<p class=\"has-text-color\" style=\"color:#035da7\">L\u2019axe autoroutier Toulouse-Lyon se met en place. <\/p>\n\n\n\n<p class=\"has-text-color\" style=\"color:#0375a5\">Afin de&nbsp;<strong>pr\u00e9server la qualit\u00e9 de vie et la sant\u00e9 des riverains , am\u00e9liorer la s\u00e9curit\u00e9 routi\u00e8re et sortir le trafic autoroutier<\/strong>&nbsp;de la cuvette albigeoise, nous exigeons la r\u00e9alisation du contournement Nord-Ouest de l\u2019agglom\u00e9ration pour :<\/p>\n\n\n\n<p class=\"has-text-color\" style=\"color:#0472a2\"><strong>\u2022 Limiter les pollutions sonore et atmosph\u00e9rique<br>\u2022 \u00c9viter la saturation de la rocade d\u2019Albi pr\u00e9vue par les services de l\u2019\u00c9tat *<br>\u2022 Favoriser le d\u00e9veloppement \u00e9conomique du Nord du Tarn<\/strong><\/p>\n\n\n\n<p class=\"has-text-color\" style=\"color:#0472a2\">Pour respecter les engagements des pouvoirs publics, issus de la concertation de 2001 **, nous exigeons :<\/p>\n\n\n\n<p class=\"has-text-color\" style=\"color:#0475a5\"> &#8211;&nbsp;l\u2019inscription du contournement Nord-Ouest&nbsp; d\u2019Albi \u00e0 la nouvelle \u00e9tude d\u2019opportunit\u00e9 annonc\u00e9e,<\/p>\n\n\n\n<p class=\"has-text-color\" style=\"color:#04709e\"> &#8211; la consultation de la population&nbsp; sur cette question cruciale pour l&rsquo; avenir de l&rsquo;agglom\u00e9ration Albigeoise et le nord du Tarn . <\/p>\n\n\n\n<p style=\"font-size:11px\"><em>*&nbsp;&nbsp;&nbsp;&nbsp;&nbsp;&nbsp; Le Dossier de Voirie d\u2019Agglom\u00e9ration d\u2019Albi (DVA) pr\u00e9cise que la saturation de la rocade en 2025, imposera la r\u00e9alisation du contournement NO d\u2019Albi.<\/em><\/p>\n\n\n\n<p style=\"font-size:11px\"><em>**&nbsp;&nbsp;&nbsp;&nbsp; La concertation de 2001 a permis de consulter les grands \u00e9lus (d\u00e9put\u00e9s europ\u00e9en et nationaux, s\u00e9nateurs), les conseillers r\u00e9gionaux, d\u00e9partementaux, municipaux, les chambres consulaires et 23 associations, apr\u00e8s 8 mois d\u2019informations et d\u2019\u00e9changes. Les pouvoirs publics ont valid\u00e9 le contournement NO d\u2019Albi.<\/em><\/p>\n","protected":false},"excerpt":{"rendered":"<p>Adh\u00e9rez &#8211; . Pour Adh\u00e9rer: Pensez \u00e0 partager ce lien d&rsquo;adh\u00e9sion avec vos proches et amis, qu&rsquo;ils soient habitants de l\u2019agglom\u00e9ration ou usagers, m\u00eame lointains, de la RN88 . Cliquez sur le lien : Adh\u00e9sion-FOPA T\u00e9l\u00e9charger la version papier du bulletin d&rsquo;adh\u00e9sion &#8211; L\u2019axe autoroutier Toulouse-Lyon se met en place. Afin de&nbsp;pr\u00e9server la qualit\u00e9 de [&hellip;]<\/p>\n","protected":false},"author":2,"featured_media":0,"parent":0,"menu_order":0,"comment_status":"closed","ping_status":"closed","template":"","meta":[],"_links":{"self":[{"href":"https:\/\/association-fopa.fr\/index.php\/wp-json\/wp\/v2\/pages\/1348"}],"collection":[{"href":"https:\/\/association-fopa.fr\/index.php\/wp-json\/wp\/v2\/pages"}],"about":[{"href":"https:\/\/association-fopa.fr\/index.php\/wp-json\/wp\/v2\/types\/page"}],"author":[{"embeddable":true,"href":"https:\/\/association-fopa.fr\/index.php\/wp-json\/wp\/v2\/users\/2"}],"replies":[{"embeddable":true,"href":"https:\/\/association-fopa.fr\/index.php\/wp-json\/wp\/v2\/comments?post=1348"}],"version-history":[{"count":53,"href":"https:\/\/association-fopa.fr\/index.php\/wp-json\/wp\/v2\/pages\/1348\/revisions"}],"predecessor-version":[{"id":1664,"href":"https:\/\/association-fopa.fr\/index.php\/wp-json\/wp\/v2\/pages\/1348\/revisions\/1664"}],"wp:attachment":[{"href":"https:\/\/association-fopa.fr\/index.php\/wp-json\/wp\/v2\/media?parent=1348"}],"curies":[{"name":"wp","href":"https:\/\/api.w.org\/{rel}","templated":true}]}}